{"id":1865,"date":"2023-01-14T23:49:05","date_gmt":"2023-01-15T02:49:05","guid":{"rendered":"https:\/\/d-themes.com\/wordpress\/udesign\/dummy\/business-consulting-3\/?page_id=1865"},"modified":"2023-05-08T15:21:19","modified_gmt":"2023-05-08T18:21:19","slug":"eyaculacion-precoz","status":"publish","type":"page","link":"https:\/\/guillermomarot.com.ar\/marot\/eyaculacion-precoz\/","title":{"rendered":"Eyaculaci\u00f3n Precoz"},"content":{"rendered":"\t\t<div data-elementor-type=\"wp-page\" data-elementor-id=\"1865\" class=\"elementor elementor-1865\">\n\t\t\t\t\t\t<div class=\" elementor-section elementor-top-section elementor-element elementor-element-3524975 elementor-section-boxed elementor-section-height-default elementor-section-height-default\" data-id=\"3524975\" data-element_type=\"section\" data-e-type=\"section\">\r\n\t\t\t\t\t\t\t\t<div class=\"elementor-container elementor-column-gap-default\">\r\n\t\t\t\t\r\n\t\t\t\t\t\t\t\t<div class=\" elementor-column elementor-col-100 elementor-top-column elementor-element elementor-element-b5f7a1a \" data-id=\"b5f7a1a\" data-element_type=\"column\" data-e-type=\"column\">\r\n\r\n\t\t\t\t\r\n\t\t\t\t<div class=\"elementor-widget-wrap elementor-element-populated\">\r\n\t\t\t\t\t\t\t\t\t\t\r\n\t\t\t\t\t\t<div class=\"elementor-element elementor-element-8b5f587 elementor-invisible elementor-widget elementor-widget-udesign_widget_heading\" data-id=\"8b5f587\" data-element_type=\"widget\" data-e-type=\"widget\" data-settings=\"{&quot;_animation&quot;:&quot;fadeInRightShorter&quot;,&quot;_animation_delay&quot;:800}\" data-widget_type=\"udesign_widget_heading.default\">\n\t\t\t\t<div class=\"elementor-widget-container\">\n\t\t\t\t\t<div class=\"title-wrapper  title-cross title-center\"><p class=\"title elementor-heading-title\">EYACULACI\u00d3N PRECOZ<\/p><\/div>\t\t\t\t<\/div>\n\t\t\t\t<\/div>\n\t\t\t\t<div class=\"elementor-element elementor-element-54e457e elementor-invisible elementor-widget elementor-widget-text-editor\" data-id=\"54e457e\" data-element_type=\"widget\" data-e-type=\"widget\" data-settings=\"{&quot;_animation&quot;:&quot;fadeIn&quot;}\" data-widget_type=\"text-editor.default\">\n\t\t\t\t<div class=\"elementor-widget-container\">\n\t\t\t\t\t\t\t\t\t<p>Si bien es un problema extremadamente com\u00fan, la gran mayor\u00eda no lo trata por verg\u00fcenza o creencia de que no existe un tratamiento eficaz.<br \/><br \/>La eyaculaci\u00f3n precoz es aquella que se produce anticipadamente, no permitiendo a la mujer alcanzar su orgasmo. \u00c9sta se puede producir durante el coito o en casos m\u00e1s severos se produce antes de la penetraci\u00f3n.<br \/>Cuando el hombre alcanza el punto m\u00e1ximo de placer, llega al denominado umbral eyaculatorio. En ese momento, el contener el semen se torna incontrolable y se produce la eyaculaci\u00f3n.<br \/><br \/>El hombre propenso a la eyaculaci\u00f3n precoz interpreta los est\u00edmulos sexuales en forma muy intensa, promoviendo una respuesta r\u00e1pida e incontrolable. Por otro lado, es incapaz de distinguir las diferentes etapas que conforman la respuesta sexual y por lo tanto no puede prevenir las acciones que lo conducir\u00e1n a una inminencia eyaculatoria.<\/p>\t\t\t\t\t\t\t\t<\/div>\n\t\t\t\t<\/div>\n\t\t\t\t<div class=\"elementor-element elementor-element-824914f elementor-invisible elementor-widget elementor-widget-udesign_widget_heading\" data-id=\"824914f\" data-element_type=\"widget\" data-e-type=\"widget\" data-settings=\"{&quot;_animation&quot;:&quot;fadeInRightShorter&quot;,&quot;_animation_delay&quot;:800}\" data-widget_type=\"udesign_widget_heading.default\">\n\t\t\t\t<div class=\"elementor-widget-container\">\n\t\t\t\t\t<div class=\"title-wrapper  title-underline title-left\"><p class=\"title elementor-heading-title\">Etapas<\/p><\/div>\t\t\t\t<\/div>\n\t\t\t\t<\/div>\n\t\t\t\t<div class=\"elementor-element elementor-element-a6858a7 elementor-invisible elementor-widget elementor-widget-text-editor\" data-id=\"a6858a7\" data-element_type=\"widget\" data-e-type=\"widget\" data-settings=\"{&quot;_animation&quot;:&quot;fadeIn&quot;}\" data-widget_type=\"text-editor.default\">\n\t\t\t\t<div class=\"elementor-widget-container\">\n\t\t\t\t\t\t\t\t\t<p>El ciclo de la respuesta sexual humana, se compone de las siguientes etapas:<\/p>\t\t\t\t\t\t\t\t<\/div>\n\t\t\t\t<\/div>\n\t\t\t\t<div class=\"elementor-element elementor-element-6e695c4 elementor-icon-list--layout-traditional elementor-invisible elementor-widget elementor-widget-udesign_widget_iconlist\" data-id=\"6e695c4\" data-element_type=\"widget\" data-e-type=\"widget\" data-settings=\"{&quot;_animation&quot;:&quot;fadeInRightShorter&quot;,&quot;_animation_delay&quot;:1000}\" data-widget_type=\"udesign_widget_iconlist.default\">\n\t\t\t\t<div class=\"elementor-widget-container\">\n\t\t\t\t\t<ul class=\"elementor-icon-list-items\">\r\n\t\t\t<li class=\"elementor-icon-list-item elementor-repeater-item-8fd5ef1\">\r\n\t\t\t\t\t\t\t<span class=\"elementor-icon-list-icon\">\r\n\t\t\t\t<i aria-hidden=\"true\" class=\"  a-icon-check-solid\"><\/i>\t\t\t\t<\/span>\r\n\t\t\t\t\t\t<span class=\"elementor-icon-list-text\">Per\u00edodo de excitaci\u00f3n: Es el per\u00edodo en el que se produce la erecci\u00f3n. La misma, en una persona joven se produce en un lapso de 3 a 8 segundos. A medida que la edad avanza, el lograr la erecci\u00f3n se torna m\u00e1s lento.<\/span>\r\n\t\t\t\t\t\t\t\t<\/li>\r\n\t\t\t\t<li class=\"elementor-icon-list-item elementor-repeater-item-e8e9809\">\r\n\t\t\t\t\t\t\t<span class=\"elementor-icon-list-icon\">\r\n\t\t\t\t<i aria-hidden=\"true\" class=\"  a-icon-check-solid\"><\/i>\t\t\t\t<\/span>\r\n\t\t\t\t\t\t<span class=\"elementor-icon-list-text\">Per\u00edodo de meseta o de mantenimiento: En \u00e9ste per\u00edodo el paciente mantiene la erecci\u00f3n.<\/span>\r\n\t\t\t\t\t\t\t\t<\/li>\r\n\t\t\t\t<li class=\"elementor-icon-list-item elementor-repeater-item-b40b380\">\r\n\t\t\t\t\t\t\t<span class=\"elementor-icon-list-icon\">\r\n\t\t\t\t<i aria-hidden=\"true\" class=\"  a-icon-check-solid\"><\/i>\t\t\t\t<\/span>\r\n\t\t\t\t\t\t<span class=\"elementor-icon-list-text\">Orgasmo.<\/span>\r\n\t\t\t\t\t\t\t\t<\/li>\r\n\t\t\t\t<li class=\"elementor-icon-list-item elementor-repeater-item-99028fb\">\r\n\t\t\t\t\t\t\t<span class=\"elementor-icon-list-icon\">\r\n\t\t\t\t<i aria-hidden=\"true\" class=\"  a-icon-check-solid\"><\/i>\t\t\t\t<\/span>\r\n\t\t\t\t\t\t<span class=\"elementor-icon-list-text\">Per\u00edodo de resoluci\u00f3n: Luego de eyacular (orgasmo), el organismo se relaja y se experimenta una p\u00e9rdida gradual de la rigidez.<\/span>\r\n\t\t\t\t\t\t\t\t<\/li>\r\n\t\t<\/ul>\r\n\t\t\t\t<\/div>\n\t\t\t\t<\/div>\n\t\t\t\t<div class=\"elementor-element elementor-element-a0201cc elementor-invisible elementor-widget elementor-widget-text-editor\" data-id=\"a0201cc\" data-element_type=\"widget\" data-e-type=\"widget\" data-settings=\"{&quot;_animation&quot;:&quot;fadeIn&quot;}\" data-widget_type=\"text-editor.default\">\n\t\t\t\t<div class=\"elementor-widget-container\">\n\t\t\t\t\t\t\t\t\t<p>El eyaculador precoz fracasa fundamentalmente en la segunda etapa (de mantenimiento), lo que lo conduce a pasar de la etapa 1 a la 3 directamente.<\/p>\t\t\t\t\t\t\t\t<\/div>\n\t\t\t\t<\/div>\n\t\t\t\t<div class=\"elementor-element elementor-element-95b1b19 elementor-invisible elementor-widget elementor-widget-udesign_widget_heading\" data-id=\"95b1b19\" data-element_type=\"widget\" data-e-type=\"widget\" data-settings=\"{&quot;_animation&quot;:&quot;fadeInRightShorter&quot;,&quot;_animation_delay&quot;:800}\" data-widget_type=\"udesign_widget_heading.default\">\n\t\t\t\t<div class=\"elementor-widget-container\">\n\t\t\t\t\t<div class=\"title-wrapper  title-underline title-left\"><p class=\"title elementor-heading-title\">Clasificaci\u00f3n<\/p><\/div>\t\t\t\t<\/div>\n\t\t\t\t<\/div>\n\t\t\t\t<div class=\"elementor-element elementor-element-0729388 elementor-invisible elementor-widget elementor-widget-text-editor\" data-id=\"0729388\" data-element_type=\"widget\" data-e-type=\"widget\" data-settings=\"{&quot;_animation&quot;:&quot;fadeIn&quot;}\" data-widget_type=\"text-editor.default\">\n\t\t\t\t<div class=\"elementor-widget-container\">\n\t\t\t\t\t\t\t\t\t<p>Seg\u00fan la presentaci\u00f3n y caracter\u00edsticas del problema, se divide a los pacientes en 2 grupos:<\/p>\t\t\t\t\t\t\t\t<\/div>\n\t\t\t\t<\/div>\n\t\t\t\t<div class=\"elementor-element elementor-element-d28c76c elementor-icon-list--layout-traditional elementor-invisible elementor-widget elementor-widget-udesign_widget_iconlist\" data-id=\"d28c76c\" data-element_type=\"widget\" data-e-type=\"widget\" data-settings=\"{&quot;_animation&quot;:&quot;fadeInRightShorter&quot;,&quot;_animation_delay&quot;:1000}\" data-widget_type=\"udesign_widget_iconlist.default\">\n\t\t\t\t<div class=\"elementor-widget-container\">\n\t\t\t\t\t<ul class=\"elementor-icon-list-items\">\r\n\t\t\t<li class=\"elementor-icon-list-item elementor-repeater-item-8fd5ef1\">\r\n\t\t\t\t\t\t\t<span class=\"elementor-icon-list-icon\">\r\n\t\t\t\t<i aria-hidden=\"true\" class=\"  a-icon-check-solid\"><\/i>\t\t\t\t<\/span>\r\n\t\t\t\t\t\t<span class=\"elementor-icon-list-text\">Grupo con eyaculaci\u00f3n precoz primaria: Agrupa a aquellos pacientes que siempre y en cualquier circunstancia presentan eyaculaci\u00f3n precoz.<\/span>\r\n\t\t\t\t\t\t\t\t<\/li>\r\n\t\t\t\t<li class=\"elementor-icon-list-item elementor-repeater-item-e8e9809\">\r\n\t\t\t\t\t\t\t<span class=\"elementor-icon-list-icon\">\r\n\t\t\t\t<i aria-hidden=\"true\" class=\"  a-icon-check-solid\"><\/i>\t\t\t\t<\/span>\r\n\t\t\t\t\t\t<span class=\"elementor-icon-list-text\">Grupo con eyaculaci\u00f3n precoz secundaria: Este grupo de pacientes se identifica porque en algunas circunstancias o per\u00edodos han logrado controlar la eyaculaci\u00f3n.<\/span>\r\n\t\t\t\t\t\t\t\t<\/li>\r\n\t\t<\/ul>\r\n\t\t\t\t<\/div>\n\t\t\t\t<\/div>\n\t\t\t\t<div class=\"elementor-element elementor-element-711ce7f elementor-invisible elementor-widget elementor-widget-udesign_widget_heading\" data-id=\"711ce7f\" data-element_type=\"widget\" data-e-type=\"widget\" data-settings=\"{&quot;_animation&quot;:&quot;fadeInRightShorter&quot;,&quot;_animation_delay&quot;:800}\" data-widget_type=\"udesign_widget_heading.default\">\n\t\t\t\t<div class=\"elementor-widget-container\">\n\t\t\t\t\t<div class=\"title-wrapper  title-underline title-left\"><p class=\"title elementor-heading-title\">Factores<\/p><\/div>\t\t\t\t<\/div>\n\t\t\t\t<\/div>\n\t\t\t\t<div class=\"elementor-element elementor-element-a480e82 elementor-invisible elementor-widget elementor-widget-text-editor\" data-id=\"a480e82\" data-element_type=\"widget\" data-e-type=\"widget\" data-settings=\"{&quot;_animation&quot;:&quot;fadeIn&quot;}\" data-widget_type=\"text-editor.default\">\n\t\t\t\t<div class=\"elementor-widget-container\">\n\t\t\t\t\t\t\t\t\t<p>Existen factores predisponentes y determinantes:<\/p>\t\t\t\t\t\t\t\t<\/div>\n\t\t\t\t<\/div>\n\t\t\t\t<div class=\"elementor-element elementor-element-f8a3628 elementor-icon-list--layout-traditional elementor-invisible elementor-widget elementor-widget-udesign_widget_iconlist\" data-id=\"f8a3628\" data-element_type=\"widget\" data-e-type=\"widget\" data-settings=\"{&quot;_animation&quot;:&quot;fadeInRightShorter&quot;,&quot;_animation_delay&quot;:1000}\" data-widget_type=\"udesign_widget_iconlist.default\">\n\t\t\t\t<div class=\"elementor-widget-container\">\n\t\t\t\t\t<ul class=\"elementor-icon-list-items\">\r\n\t\t\t<li class=\"elementor-icon-list-item elementor-repeater-item-8fd5ef1\">\r\n\t\t\t\t\t\t\t<span class=\"elementor-icon-list-icon\">\r\n\t\t\t\t<i aria-hidden=\"true\" class=\"  a-icon-check-solid\"><\/i>\t\t\t\t<\/span>\r\n\t\t\t\t\t\t<span class=\"elementor-icon-list-text\">Factores predisponentes: Son situaciones externas al organismo, pero que, de estar presentes, propician la aparici\u00f3n o el agravamiento de la eyaculaci\u00f3n precoz. Estos factores, que pueden presentarse individual o combinadamente, son b\u00e1sicamente tres:<\/span>\r\n\t\t\t\t\t\t\t\t<\/li>\r\n\t\t<\/ul>\r\n\t\t\t\t<\/div>\n\t\t\t\t<\/div>\n\t\t\t\t<div class=\"elementor-element elementor-element-cb7f911 elementor-icon-list--layout-traditional elementor-invisible elementor-widget elementor-widget-udesign_widget_iconlist\" data-id=\"cb7f911\" data-element_type=\"widget\" data-e-type=\"widget\" data-settings=\"{&quot;_animation&quot;:&quot;fadeInRightShorter&quot;,&quot;_animation_delay&quot;:1000}\" data-widget_type=\"udesign_widget_iconlist.default\">\n\t\t\t\t<div class=\"elementor-widget-container\">\n\t\t\t\t\t<ul class=\"elementor-icon-list-items\">\r\n\t\t\t<li class=\"elementor-icon-list-item elementor-repeater-item-8fd5ef1\">\r\n\t\t\t\t\t\t\t<span class=\"elementor-icon-list-icon\">\r\n\t\t\t\t<i aria-hidden=\"true\" class=\"far fa-check-circle\"><\/i>\t\t\t\t<\/span>\r\n\t\t\t\t\t\t<span class=\"elementor-icon-list-text\">La frecuencia de las relaciones sexuales. Cuanto mayor tiempo transcurra entre una relaci\u00f3n y otra, crecer\u00e1 la posibilidad de que el paciente presente episodios de eyaculaci\u00f3n precoz. Por lo general, si el paciente tiene una pareja estable, al ser insatisfactorias las relaciones como consecuencia de la eyaculaci\u00f3n precoz, \u00e9stas tienden a espaciarse, conduciendo a un agravamiento de la situaci\u00f3n. Una vez instalado el problema, resultan vanos los intentos de mejorar esta situaci\u00f3n aumentando la frecuencia de las relaciones, ya que a esta altura de los acontecimientos, las presiones que siente el propio paciente al ver que gradualmente pierde su capacidad de control, sumadas a la insatisfacci\u00f3n impl\u00edcita o expl\u00edcita de su compa\u00f1era, crean condicionamientos emocionales que tienden a perpetuar el problema. En no pocas parejas se terminan hasta evitando las relaciones, para no crear situaciones y sentimientos de alta frustraci\u00f3n para ambos. En situaciones m\u00e1s graves, el hombre puede llegar a tener episodios de impotencia secundarios a la eyaculaci\u00f3n precoz.<\/span>\r\n\t\t\t\t\t\t\t\t<\/li>\r\n\t\t\t\t<li class=\"elementor-icon-list-item elementor-repeater-item-b93ab42\">\r\n\t\t\t\t\t\t\t<span class=\"elementor-icon-list-icon\">\r\n\t\t\t\t<i aria-hidden=\"true\" class=\"far fa-check-circle\"><\/i>\t\t\t\t<\/span>\r\n\t\t\t\t\t\t<span class=\"elementor-icon-list-text\">Las presiones, propias del estilo de vida contempor\u00e1neo, la falta de tiempo, la falta de descanso, la falta de momentos de intimidad. Son factores predisponentes, pero no determinantes en la aparici\u00f3n o agravamiento de la eyaculaci\u00f3n precoz.<\/span>\r\n\t\t\t\t\t\t\t\t<\/li>\r\n\t\t\t\t<li class=\"elementor-icon-list-item elementor-repeater-item-adb031d\">\r\n\t\t\t\t\t\t\t<span class=\"elementor-icon-list-icon\">\r\n\t\t\t\t<i aria-hidden=\"true\" class=\"far fa-check-circle\"><\/i>\t\t\t\t<\/span>\r\n\t\t\t\t\t\t<span class=\"elementor-icon-list-text\">El cambio de pareja. Esta situaci\u00f3n trae consigo dudas acerca del desempe\u00f1o, creando presiones internas que, de no ser manejadas adecuadamente lo predisponen a la precocidad eyaculatoria.<\/span>\r\n\t\t\t\t\t\t\t\t<\/li>\r\n\t\t<\/ul>\r\n\t\t\t\t<\/div>\n\t\t\t\t<\/div>\n\t\t\t\t<div class=\"elementor-element elementor-element-0f7d367 elementor-icon-list--layout-traditional elementor-invisible elementor-widget elementor-widget-udesign_widget_iconlist\" data-id=\"0f7d367\" data-element_type=\"widget\" data-e-type=\"widget\" data-settings=\"{&quot;_animation&quot;:&quot;fadeInRightShorter&quot;,&quot;_animation_delay&quot;:1000}\" data-widget_type=\"udesign_widget_iconlist.default\">\n\t\t\t\t<div class=\"elementor-widget-container\">\n\t\t\t\t\t<ul class=\"elementor-icon-list-items\">\r\n\t\t\t<li class=\"elementor-icon-list-item elementor-repeater-item-8fd5ef1\">\r\n\t\t\t\t\t\t\t<span class=\"elementor-icon-list-icon\">\r\n\t\t\t\t<i aria-hidden=\"true\" class=\"  a-icon-check-solid\"><\/i>\t\t\t\t<\/span>\r\n\t\t\t\t\t\t<span class=\"elementor-icon-list-text\">Factores determinantes: A diferencia de los factores predisponentes, que son externos, \u00e9stos son factores internos del organismo. Por interno se entiende alguna dificultad en las v\u00edas neurol\u00f3gicas que intervienen en el reflejo eyaculatorio. En este caso, mediante un interrogatorio, se indagan las caracter\u00edsticas de la eyaculaci\u00f3n precoz para obtener datos que orienten hacia un problema org\u00e1nico. De acuerdo a la informaci\u00f3n obtenida, se eval\u00faa la necesidad de solicitar un estudio complementario para confirmar o descartar la presunci\u00f3n.<\/span>\r\n\t\t\t\t\t\t\t\t<\/li>\r\n\t\t<\/ul>\r\n\t\t\t\t<\/div>\n\t\t\t\t<\/div>\n\t\t\t\t<div class=\"elementor-element elementor-element-50a83eb elementor-invisible elementor-widget elementor-widget-udesign_widget_heading\" data-id=\"50a83eb\" data-element_type=\"widget\" data-e-type=\"widget\" data-settings=\"{&quot;_animation&quot;:&quot;fadeInRightShorter&quot;,&quot;_animation_delay&quot;:800}\" data-widget_type=\"udesign_widget_heading.default\">\n\t\t\t\t<div class=\"elementor-widget-container\">\n\t\t\t\t\t<div class=\"title-wrapper  title-underline title-left\"><p class=\"title elementor-heading-title\">Tratamiento<\/p><\/div>\t\t\t\t<\/div>\n\t\t\t\t<\/div>\n\t\t\t\t<div class=\"elementor-element elementor-element-12202b0 elementor-invisible elementor-widget elementor-widget-text-editor\" data-id=\"12202b0\" data-element_type=\"widget\" data-e-type=\"widget\" data-settings=\"{&quot;_animation&quot;:&quot;fadeIn&quot;}\" data-widget_type=\"text-editor.default\">\n\t\t\t\t<div class=\"elementor-widget-container\">\n\t\t\t\t\t\t\t\t\t<p>\u00bfEn qu\u00e9 consiste el tratamiento?<\/p>\t\t\t\t\t\t\t\t<\/div>\n\t\t\t\t<\/div>\n\t\t\t\t<div class=\"elementor-element elementor-element-6bc7889 elementor-icon-list--layout-traditional elementor-invisible elementor-widget elementor-widget-udesign_widget_iconlist\" data-id=\"6bc7889\" data-element_type=\"widget\" data-e-type=\"widget\" data-settings=\"{&quot;_animation&quot;:&quot;fadeInRightShorter&quot;,&quot;_animation_delay&quot;:1000}\" data-widget_type=\"udesign_widget_iconlist.default\">\n\t\t\t\t<div class=\"elementor-widget-container\">\n\t\t\t\t\t<ul class=\"elementor-icon-list-items\">\r\n\t\t\t<li class=\"elementor-icon-list-item elementor-repeater-item-8fd5ef1\">\r\n\t\t\t\t\t\t\t<span class=\"elementor-icon-list-icon\">\r\n\t\t\t\t<i aria-hidden=\"true\" class=\"  a-icon-check-solid\"><\/i>\t\t\t\t<\/span>\r\n\t\t\t\t\t\t<span class=\"elementor-icon-list-text\">Primera Consulta: Se identifican las causas que provocan la eyaculaci\u00f3n precoz y se dan las indicaciones para reprogramar el reflejo. Luego, se le pide al paciente que mantenga 2 \u00f3 3 relaciones sexuales y que regrese a controlarse.<\/span>\r\n\t\t\t\t\t\t\t\t<\/li>\r\n\t\t\t\t<li class=\"elementor-icon-list-item elementor-repeater-item-4acd63f\">\r\n\t\t\t\t\t\t\t<span class=\"elementor-icon-list-icon\">\r\n\t\t\t\t<i aria-hidden=\"true\" class=\"  a-icon-check-solid\"><\/i>\t\t\t\t<\/span>\r\n\t\t\t\t\t\t<span class=\"elementor-icon-list-text\">Segunda Consulta: Se eval\u00faan los resultados obtenidos, se realizan las correcciones y ajustes necesarios y se le pide nuevamente al paciente que mantenga 2 \u00f3 3 relaciones y que regrese a controlarse. Lo habitual es que en esta segunda consulta, el paciente aprecie un progreso importante en la capacidad de controlar la eyaculaci\u00f3n.<\/span>\r\n\t\t\t\t\t\t\t\t<\/li>\r\n\t\t\t\t<li class=\"elementor-icon-list-item elementor-repeater-item-a524316\">\r\n\t\t\t\t\t\t\t<span class=\"elementor-icon-list-icon\">\r\n\t\t\t\t<i aria-hidden=\"true\" class=\"  a-icon-check-solid\"><\/i>\t\t\t\t<\/span>\r\n\t\t\t\t\t\t<span class=\"elementor-icon-list-text\">Tercera Consulta: Por lo general, el paciente est\u00e1 plenamente conforme y eventualmente se le pide que regrese a los 2 meses.<\/span>\r\n\t\t\t\t\t\t\t\t<\/li>\r\n\t\t\t\t<li class=\"elementor-icon-list-item elementor-repeater-item-570a114\">\r\n\t\t\t\t\t\t\t<span class=\"elementor-icon-list-icon\">\r\n\t\t\t\t<i aria-hidden=\"true\" class=\"  a-icon-check-solid\"><\/i>\t\t\t\t<\/span>\r\n\t\t\t\t\t\t<span class=\"elementor-icon-list-text\">Resultados: Los resultados se deben apreciar concretamente por el paciente en t\u00e9rminos de una mejor\u00eda en el tiempo en que logra retardar la aparici\u00f3n de la eyaculaci\u00f3n. Los mismos no deben llevar m\u00e1s de dos consultas. Si s\u00f3lo logra una mejor\u00eda en el control y no un control pleno, el problema, aunque atenuado, persiste. Es imprescindible lograr un control pleno, ya que de este modo el paciente adquirir\u00e1 seguridad.<\/span>\r\n\t\t\t\t\t\t\t\t<\/li>\r\n\t\t\t\t<li class=\"elementor-icon-list-item elementor-repeater-item-bf478df\">\r\n\t\t\t\t\t\t\t<span class=\"elementor-icon-list-icon\">\r\n\t\t\t\t<i aria-hidden=\"true\" class=\"  a-icon-check-solid\"><\/i>\t\t\t\t<\/span>\r\n\t\t\t\t\t\t<span class=\"elementor-icon-list-text\">Un antes y un despu\u00e9s: Siempre hablo de control eyaculatorio, y no de curaci\u00f3n, ya que, por tratarse la eyaculaci\u00f3n de un reflejo, no se puede eliminar del cuerpo. Lo que s\u00ed se puede lograr es un adecuado control de la eyaculaci\u00f3n que sin dudas significar\u00e1 un antes y un despu\u00e9s en la vida de cada paciente, como me lo han manifestado muchos de ellos. Sin embargo cabe destacar que el tiempo y la efectividad del tratamiento est\u00e1n estrechamente ligados a las condiciones particulares de cada individuo.<\/span>\r\n\t\t\t\t\t\t\t\t<\/li>\r\n\t\t\t\t<li class=\"elementor-icon-list-item elementor-repeater-item-b4965d0\">\r\n\t\t\t\t\t\t\t<span class=\"elementor-icon-list-icon\">\r\n\t\t\t\t<i aria-hidden=\"true\" class=\"  a-icon-check-solid\"><\/i>\t\t\t\t<\/span>\r\n\t\t\t\t\t\t<span class=\"elementor-icon-list-text\">La adquisici\u00f3n de seguridad en el control eyaculatorio como consecuencia natural de resultados satisfactorios sostenidos a lo largo del tiempo, es clave, ya que cuando el paciente percibe esa seguridad, se establece una bisagra en el plano emocional. La adquisici\u00f3n de seguridad y experiencia en el manejo del control eyaculatorio vuelven al paciente gradual y progresivamente m\u00e1s apto para reconocer las percepciones de inminencia eyaculatoria y regular adecuadamente las distintas etapas de la respuesta sexual.<\/span>\r\n\t\t\t\t\t\t\t\t<\/li>\r\n\t\t<\/ul>\r\n\t\t\t\t<\/div>\n\t\t\t\t<\/div>\n\t\t\t\t\t\t<\/div>\r\n\t\t\t\t<\/div>\r\n\t\t\t\t\t\t\t\t<\/div>\r\n\t\t\t<\/div>\r\n\t\t\t\t\t<\/div>\n\t\t","protected":false},"excerpt":{"rendered":"<p>EYACULACI\u00d3N PRECOZ Si bien es un problema extremadamente com\u00fan, la gran mayor\u00eda no lo trata por verg\u00fcenza o creencia de que no existe un tratamiento eficaz. La eyaculaci\u00f3n precoz es aquella que se produce anticipadamente, no permitiendo a la mujer alcanzar su orgasmo. \u00c9sta se puede producir durante el coito o en casos m\u00e1s severos [&hellip;]<\/p>\n","protected":false},"author":1,"featured_media":0,"parent":0,"menu_order":1,"comment_status":"closed","ping_status":"closed","template":"elementor_header_footer","meta":{"_joinchat":[],"footnotes":""},"class_list":["post-1865","page","type-page","status-publish","hentry"],"_links":{"self":[{"href":"https:\/\/guillermomarot.com.ar\/marot\/wp-json\/wp\/v2\/pages\/1865","targetHints":{"allow":["GET"]}}],"collection":[{"href":"https:\/\/guillermomarot.com.ar\/marot\/wp-json\/wp\/v2\/pages"}],"about":[{"href":"https:\/\/guillermomarot.com.ar\/marot\/wp-json\/wp\/v2\/types\/page"}],"author":[{"embeddable":true,"href":"https:\/\/guillermomarot.com.ar\/marot\/wp-json\/wp\/v2\/users\/1"}],"replies":[{"embeddable":true,"href":"https:\/\/guillermomarot.com.ar\/marot\/wp-json\/wp\/v2\/comments?post=1865"}],"version-history":[{"count":43,"href":"https:\/\/guillermomarot.com.ar\/marot\/wp-json\/wp\/v2\/pages\/1865\/revisions"}],"predecessor-version":[{"id":5185,"href":"https:\/\/guillermomarot.com.ar\/marot\/wp-json\/wp\/v2\/pages\/1865\/revisions\/5185"}],"wp:attachment":[{"href":"https:\/\/guillermomarot.com.ar\/marot\/wp-json\/wp\/v2\/media?parent=1865"}],"curies":[{"name":"wp","href":"https:\/\/api.w.org\/{rel}","templated":true}]}}